{"id":113,"date":"2022-09-19T08:50:29","date_gmt":"2022-09-19T06:50:29","guid":{"rendered":"http:\/\/prediad.cluster028.hosting.ovh.net\/?page_id=113"},"modified":"2022-10-02T17:45:28","modified_gmt":"2022-10-02T15:45:28","slug":"nos-services","status":"publish","type":"page","link":"https:\/\/www.prediag.fr\/?page_id=113","title":{"rendered":"Expertises Vibratoires"},"content":{"rendered":"\t\t<div data-elementor-type=\"wp-page\" data-elementor-id=\"113\" class=\"elementor elementor-113\">\n\t\t\t\t\t\t<section class=\"elementor-section elementor-top-section elementor-element elementor-element-6958040 elementor-section-content-middle elementor-section-boxed elementor-section-height-default elementor-section-height-default\" data-id=\"6958040\" data-element_type=\"section\" data-e-type=\"section\">\n\t\t\t\t\t\t<div class=\"elementor-container elementor-column-gap-no\">\n\t\t\t\t\t<div class=\"elementor-column elementor-col-100 elementor-top-column elementor-element elementor-element-518fbf50\" data-id=\"518fbf50\" data-element_type=\"column\" data-e-type=\"column\">\n\t\t\t<div class=\"elementor-widget-wrap elementor-element-populated\">\n\t\t\t\t\t\t<div class=\"elementor-element elementor-element-6325e621 elementor-widget elementor-widget-heading\" data-id=\"6325e621\" data-element_type=\"widget\" data-e-type=\"widget\" data-widget_type=\"heading.default\">\n\t\t\t\t<div class=\"elementor-widget-container\">\n\t\t\t\t\t<h4 class=\"elementor-heading-title elementor-size-medium\">Expertises vibratoires <\/h4>\t\t\t\t<\/div>\n\t\t\t\t<\/div>\n\t\t\t\t\t<\/div>\n\t\t<\/div>\n\t\t\t\t\t<\/div>\n\t\t<\/section>\n\t\t\t\t<section class=\"elementor-section elementor-top-section elementor-element elementor-element-9767352 elementor-section-boxed elementor-section-height-default elementor-section-height-default\" data-id=\"9767352\" data-element_type=\"section\" data-e-type=\"section\">\n\t\t\t\t\t\t<div class=\"elementor-container elementor-column-gap-default\">\n\t\t\t\t\t<div class=\"elementor-column elementor-col-100 elementor-top-column elementor-element elementor-element-0951425\" data-id=\"0951425\" data-element_type=\"column\" data-e-type=\"column\">\n\t\t\t<div class=\"elementor-widget-wrap elementor-element-populated\">\n\t\t\t\t\t\t<div class=\"elementor-element elementor-element-85450cf elementor-widget elementor-widget-heading\" data-id=\"85450cf\" data-element_type=\"widget\" data-e-type=\"widget\" data-widget_type=\"heading.default\">\n\t\t\t\t<div class=\"elementor-widget-container\">\n\t\t\t\t\t<h2 class=\"elementor-heading-title elementor-size-default\">Expertises et diagnostics <\/h2>\t\t\t\t<\/div>\n\t\t\t\t<\/div>\n\t\t\t\t\t<\/div>\n\t\t<\/div>\n\t\t\t\t\t<\/div>\n\t\t<\/section>\n\t\t\t\t<section class=\"elementor-section elementor-top-section elementor-element elementor-element-c69d843 elementor-section-boxed elementor-section-height-default elementor-section-height-default\" data-id=\"c69d843\" data-element_type=\"section\" data-e-type=\"section\">\n\t\t\t\t\t\t<div class=\"elementor-container elementor-column-gap-default\">\n\t\t\t\t\t<div class=\"elementor-column elementor-col-100 elementor-top-column elementor-element elementor-element-9258be7\" data-id=\"9258be7\" data-element_type=\"column\" data-e-type=\"column\">\n\t\t\t<div class=\"elementor-widget-wrap elementor-element-populated\">\n\t\t\t\t\t\t<div class=\"elementor-element elementor-element-9508a58 elementor-widget-divider--view-line elementor-widget elementor-widget-divider\" data-id=\"9508a58\" data-element_type=\"widget\" data-e-type=\"widget\" data-widget_type=\"divider.default\">\n\t\t\t\t<div class=\"elementor-widget-container\">\n\t\t\t\t\t\t\t<div class=\"elementor-divider\">\n\t\t\t<span class=\"elementor-divider-separator\">\n\t\t\t\t\t\t<\/span>\n\t\t<\/div>\n\t\t\t\t\t\t<\/div>\n\t\t\t\t<\/div>\n\t\t\t\t\t<\/div>\n\t\t<\/div>\n\t\t\t\t\t<\/div>\n\t\t<\/section>\n\t\t\t\t<section class=\"elementor-section elementor-top-section elementor-element elementor-element-f74c594 elementor-section-boxed elementor-section-height-default elementor-section-height-default\" data-id=\"f74c594\" data-element_type=\"section\" data-e-type=\"section\">\n\t\t\t\t\t\t<div class=\"elementor-container elementor-column-gap-default\">\n\t\t\t\t\t<div class=\"elementor-column elementor-col-33 elementor-top-column elementor-element elementor-element-0f1829f\" data-id=\"0f1829f\" data-element_type=\"column\" data-e-type=\"column\">\n\t\t\t<div class=\"elementor-widget-wrap elementor-element-populated\">\n\t\t\t\t\t\t<div class=\"elementor-element elementor-element-80ce3dd elementor-widget elementor-widget-image\" data-id=\"80ce3dd\" data-element_type=\"widget\" data-e-type=\"widget\" data-widget_type=\"image.default\">\n\t\t\t\t<div class=\"elementor-widget-container\">\n\t\t\t\t\t\t\t\t\t\t\t\t\t\t\t<img fetchpriority=\"high\" decoding=\"async\" width=\"300\" height=\"225\" src=\"https:\/\/www.prediag.fr\/wp-content\/uploads\/2022\/10\/20141211_161212-300x225.jpg\" class=\"attachment-medium size-medium wp-image-770\" alt=\"\" srcset=\"https:\/\/www.prediag.fr\/wp-content\/uploads\/2022\/10\/20141211_161212-300x225.jpg 300w, https:\/\/www.prediag.fr\/wp-content\/uploads\/2022\/10\/20141211_161212-1024x768.jpg 1024w, https:\/\/www.prediag.fr\/wp-content\/uploads\/2022\/10\/20141211_161212-768x576.jpg 768w, https:\/\/www.prediag.fr\/wp-content\/uploads\/2022\/10\/20141211_161212.jpg 1191w\" sizes=\"(max-width: 300px) 100vw, 300px\" \/>\t\t\t\t\t\t\t\t\t\t\t\t\t\t\t<\/div>\n\t\t\t\t<\/div>\n\t\t\t\t\t<\/div>\n\t\t<\/div>\n\t\t\t\t<div class=\"elementor-column elementor-col-66 elementor-top-column elementor-element elementor-element-728a06f\" data-id=\"728a06f\" data-element_type=\"column\" data-e-type=\"column\">\n\t\t\t<div class=\"elementor-widget-wrap elementor-element-populated\">\n\t\t\t\t\t\t<div class=\"elementor-element elementor-element-ef08279 elementor-widget elementor-widget-text-editor\" data-id=\"ef08279\" data-element_type=\"widget\" data-e-type=\"widget\" data-widget_type=\"text-editor.default\">\n\t\t\t\t<div class=\"elementor-widget-container\">\n\t\t\t\t\t\t\t\t\t<p>Via notre syst\u00e8me d&rsquo;acquisition 32 voies synchrones nous sommes en capacit\u00e9 de proposer des proc\u00e9dures d&rsquo;acquisitions complexes et d&rsquo;adresser des surveillances temporaires pour les ph\u00e9nom\u00e8nes fugitifs<\/p><p><span style=\"text-decoration: underline;\">Domaine d&rsquo;applications et d\u00e9fauts d\u00e9tect\u00e9s:<\/span><\/p><ul><li>Paliers: D\u00e9fauts de roulements, d\u00e9faut de lubrification, d\u00e9lignement, orbites d&rsquo;arbre dans les paliers lisses\u2026<\/li><li>R\u00e9ducteurs et multiplicateurs : d\u00e9t\u00e9rioration des dentures, excentricit\u00e9, d\u00e9salignement,\u2026.<\/li><li>Transmission: d\u00e9fauts de courroies, d\u00e9faut de cardan, d\u00e9faut d&rsquo;accouplement&#8230;<\/li><li>Ventilateur, pompe, turbines: d\u00e9s\u00e9quilibre, cavitation, effet de torche,\u2026.<\/li><li>Moteurs \u00e9lectriques et alternateurs: d\u00e9faut de phase, d\u00e9s\u00e9quilibre, d\u00e9faut d&rsquo;isolation, d\u00e9formation du stator et du rotor, d\u00e9faut des barres de rotor,\u2026.\u00a0<\/li><\/ul>\t\t\t\t\t\t\t\t<\/div>\n\t\t\t\t<\/div>\n\t\t\t\t\t<\/div>\n\t\t<\/div>\n\t\t\t\t\t<\/div>\n\t\t<\/section>\n\t\t\t\t<section class=\"elementor-section elementor-top-section elementor-element elementor-element-61e2cfe elementor-section-boxed elementor-section-height-default elementor-section-height-default\" data-id=\"61e2cfe\" data-element_type=\"section\" data-e-type=\"section\">\n\t\t\t\t\t\t<div class=\"elementor-container elementor-column-gap-default\">\n\t\t\t\t\t<div class=\"elementor-column elementor-col-100 elementor-top-column elementor-element elementor-element-c2f53c0\" data-id=\"c2f53c0\" data-element_type=\"column\" data-e-type=\"column\">\n\t\t\t<div class=\"elementor-widget-wrap elementor-element-populated\">\n\t\t\t\t\t\t<div class=\"elementor-element elementor-element-4d43b85 elementor-widget elementor-widget-heading\" data-id=\"4d43b85\" data-element_type=\"widget\" data-e-type=\"widget\" data-widget_type=\"heading.default\">\n\t\t\t\t<div class=\"elementor-widget-container\">\n\t\t\t\t\t<h2 class=\"elementor-heading-title elementor-size-default\">D\u00e9form\u00e9es Op\u00e9rationnelles (ODS) et Modes Propres <\/h2>\t\t\t\t<\/div>\n\t\t\t\t<\/div>\n\t\t\t\t\t<\/div>\n\t\t<\/div>\n\t\t\t\t\t<\/div>\n\t\t<\/section>\n\t\t\t\t<section class=\"elementor-section elementor-top-section elementor-element elementor-element-1a0a43f elementor-section-boxed elementor-section-height-default elementor-section-height-default\" data-id=\"1a0a43f\" data-element_type=\"section\" data-e-type=\"section\">\n\t\t\t\t\t\t<div class=\"elementor-container elementor-column-gap-default\">\n\t\t\t\t\t<div class=\"elementor-column elementor-col-100 elementor-top-column elementor-element elementor-element-de5969c\" data-id=\"de5969c\" data-element_type=\"column\" data-e-type=\"column\">\n\t\t\t<div class=\"elementor-widget-wrap elementor-element-populated\">\n\t\t\t\t\t\t<div class=\"elementor-element elementor-element-1730a64 elementor-widget-divider--view-line elementor-widget elementor-widget-divider\" data-id=\"1730a64\" data-element_type=\"widget\" data-e-type=\"widget\" data-widget_type=\"divider.default\">\n\t\t\t\t<div class=\"elementor-widget-container\">\n\t\t\t\t\t\t\t<div class=\"elementor-divider\">\n\t\t\t<span class=\"elementor-divider-separator\">\n\t\t\t\t\t\t<\/span>\n\t\t<\/div>\n\t\t\t\t\t\t<\/div>\n\t\t\t\t<\/div>\n\t\t\t\t\t<\/div>\n\t\t<\/div>\n\t\t\t\t\t<\/div>\n\t\t<\/section>\n\t\t\t\t<section class=\"elementor-section elementor-top-section elementor-element elementor-element-ce9d0a3 elementor-section-boxed elementor-section-height-default elementor-section-height-default\" data-id=\"ce9d0a3\" data-element_type=\"section\" data-e-type=\"section\">\n\t\t\t\t\t\t<div class=\"elementor-container elementor-column-gap-default\">\n\t\t\t\t\t<div class=\"elementor-column elementor-col-33 elementor-top-column elementor-element elementor-element-2563ee4\" data-id=\"2563ee4\" data-element_type=\"column\" data-e-type=\"column\">\n\t\t\t<div class=\"elementor-widget-wrap elementor-element-populated\">\n\t\t\t\t\t\t<div class=\"elementor-element elementor-element-d5c1fee elementor-widget elementor-widget-image\" data-id=\"d5c1fee\" data-element_type=\"widget\" data-e-type=\"widget\" data-widget_type=\"image.default\">\n\t\t\t\t<div class=\"elementor-widget-container\">\n\t\t\t\t\t\t\t\t\t\t\t\t\t\t\t<img decoding=\"async\" width=\"768\" height=\"878\" src=\"https:\/\/www.prediag.fr\/wp-content\/uploads\/2022\/10\/ODS2-768x878.png\" class=\"attachment-medium_large size-medium_large wp-image-784\" alt=\"\" srcset=\"https:\/\/www.prediag.fr\/wp-content\/uploads\/2022\/10\/ODS2-768x878.png 768w, https:\/\/www.prediag.fr\/wp-content\/uploads\/2022\/10\/ODS2-262x300.png 262w, https:\/\/www.prediag.fr\/wp-content\/uploads\/2022\/10\/ODS2-896x1024.png 896w, https:\/\/www.prediag.fr\/wp-content\/uploads\/2022\/10\/ODS2-1344x1536.png 1344w, https:\/\/www.prediag.fr\/wp-content\/uploads\/2022\/10\/ODS2.png 1607w\" sizes=\"(max-width: 768px) 100vw, 768px\" \/>\t\t\t\t\t\t\t\t\t\t\t\t\t\t\t<\/div>\n\t\t\t\t<\/div>\n\t\t\t\t\t<\/div>\n\t\t<\/div>\n\t\t\t\t<div class=\"elementor-column elementor-col-66 elementor-top-column elementor-element elementor-element-c0b565f\" data-id=\"c0b565f\" data-element_type=\"column\" data-e-type=\"column\">\n\t\t\t<div class=\"elementor-widget-wrap elementor-element-populated\">\n\t\t\t\t\t\t<div class=\"elementor-element elementor-element-c0fceb0 elementor-widget elementor-widget-text-editor\" data-id=\"c0fceb0\" data-element_type=\"widget\" data-e-type=\"widget\" data-widget_type=\"text-editor.default\">\n\t\t\t\t<div class=\"elementor-widget-container\">\n\t\t\t\t\t\t\t\t\t<p>\u00a0Apr\u00e8s maillage de l\u2019ensemble \u00e0 \u00e9tudier et choix d\u2019un point de r\u00e9f\u00e9rence. Cette op\u00e9ration se d\u00e9roule en deux \u00e9tapes:<\/p><ul><li>En marche, les forces d\u2019excitation sont internes \u00e0 la machine. On mesure suivant trois axes le mouvement relatif de chaque n\u0153ud du maillage par rapport \u00e0 un point fixe de r\u00e9f\u00e9rence. Un logiciel d\u2019analyse de d\u00e9form\u00e9es calcule automatiquement les transferts vibratoires de chaque n\u0153ud par rapport au point de r\u00e9f\u00e9rence et permet de tracer pour chaque fr\u00e9quence excitatrice la d\u00e9form\u00e9e op\u00e9rationnelle de la machine et des structures qui lui sont li\u00e9es (ch\u00e2ssis support, tuyauterie\u2026).\u00a0<\/li><li>\u00c0 l\u2019arr\u00eat, chaque n\u0153ud du maillage est excit\u00e9 \u00e0 l\u2019aide d\u2019un marteau de chocs (marteau instrument\u00e9 d\u2019un capteur de force) et le point de r\u00e9f\u00e9rence est \u00e9quip\u00e9 d\u2019un capteur dans les trois plans. Un logiciel calcule pour chaque point du maillage le transfert force\/vibration et extrait automatiquement les diff\u00e9rentes fr\u00e9quences de r\u00e9sonance \u00e0 partir d\u2019un test automatique de coh\u00e9rence et de rotation de phase, permettant de tracer la d\u00e9form\u00e9e modale associ\u00e9e \u00e0 chaque fr\u00e9quence propre identifi\u00e9e.<\/li><\/ul><p>L\u2019analyse de ces deux d\u00e9form\u00e9es (en marche et \u00e0 l\u2019arr\u00eat) apporte des \u00e9l\u00e9ments essentiels pour la formulation d\u2019un diagnostic, et permet de savoir comment se d\u00e9forme ou se d\u00e9place la machine et la structure qui lui est associ\u00e9e et de d\u00e9terminer si l\u2019origine d\u2019un niveau vibratoire \u00e9lev\u00e9 \u00e0 une fr\u00e9quence donn\u00e9e est due \u00e0 l\u2019existence d\u2019un d\u00e9faut intrins\u00e8que au fonctionnement de la machine ou \u00e0 l\u2019excitation d\u2019une fr\u00e9quence propre d\u2019un mode de suspension ou de d\u00e9formation de cette derni\u00e8re. De plus, la connaissance de la d\u00e9form\u00e9e modale du mode excit\u00e9 ou de la fr\u00e9quence de suspension excit\u00e9e (pompage, tangage, roulis\u2026) permet le plus souvent de d\u00e9terminer de mani\u00e8re intuitive les modifications de structure ou de suspension \u00e0 apporter pour r\u00e9soudre le probl\u00e8me.<\/p>\t\t\t\t\t\t\t\t<\/div>\n\t\t\t\t<\/div>\n\t\t\t\t\t<\/div>\n\t\t<\/div>\n\t\t\t\t\t<\/div>\n\t\t<\/section>\n\t\t\t\t<section class=\"elementor-section elementor-top-section elementor-element elementor-element-731da23 elementor-section-boxed elementor-section-height-default elementor-section-height-default\" data-id=\"731da23\" data-element_type=\"section\" data-e-type=\"section\">\n\t\t\t\t\t\t<div class=\"elementor-container elementor-column-gap-default\">\n\t\t\t\t\t<div class=\"elementor-column elementor-col-100 elementor-top-column elementor-element elementor-element-756cb46\" data-id=\"756cb46\" data-element_type=\"column\" data-e-type=\"column\">\n\t\t\t<div class=\"elementor-widget-wrap elementor-element-populated\">\n\t\t\t\t\t\t<div class=\"elementor-element elementor-element-eea9ae8 elementor-widget elementor-widget-heading\" data-id=\"eea9ae8\" data-element_type=\"widget\" data-e-type=\"widget\" data-widget_type=\"heading.default\">\n\t\t\t\t<div class=\"elementor-widget-container\">\n\t\t\t\t\t<h2 class=\"elementor-heading-title elementor-size-default\">Analyses des R\u00e9gimes Transitoires<\/h2>\t\t\t\t<\/div>\n\t\t\t\t<\/div>\n\t\t\t\t\t<\/div>\n\t\t<\/div>\n\t\t\t\t\t<\/div>\n\t\t<\/section>\n\t\t\t\t<section class=\"elementor-section elementor-top-section elementor-element elementor-element-575b6b5 elementor-section-boxed elementor-section-height-default elementor-section-height-default\" data-id=\"575b6b5\" data-element_type=\"section\" data-e-type=\"section\">\n\t\t\t\t\t\t<div class=\"elementor-container elementor-column-gap-default\">\n\t\t\t\t\t<div class=\"elementor-column elementor-col-100 elementor-top-column elementor-element elementor-element-c87b4e2\" data-id=\"c87b4e2\" data-element_type=\"column\" data-e-type=\"column\">\n\t\t\t<div class=\"elementor-widget-wrap elementor-element-populated\">\n\t\t\t\t\t\t<div class=\"elementor-element elementor-element-49adcd4 elementor-widget-divider--view-line elementor-widget elementor-widget-divider\" data-id=\"49adcd4\" data-element_type=\"widget\" data-e-type=\"widget\" data-widget_type=\"divider.default\">\n\t\t\t\t<div class=\"elementor-widget-container\">\n\t\t\t\t\t\t\t<div class=\"elementor-divider\">\n\t\t\t<span class=\"elementor-divider-separator\">\n\t\t\t\t\t\t<\/span>\n\t\t<\/div>\n\t\t\t\t\t\t<\/div>\n\t\t\t\t<\/div>\n\t\t\t\t\t<\/div>\n\t\t<\/div>\n\t\t\t\t\t<\/div>\n\t\t<\/section>\n\t\t\t\t<section class=\"elementor-section elementor-top-section elementor-element elementor-element-2189302 elementor-section-boxed elementor-section-height-default elementor-section-height-default\" data-id=\"2189302\" data-element_type=\"section\" data-e-type=\"section\">\n\t\t\t\t\t\t<div class=\"elementor-container elementor-column-gap-default\">\n\t\t\t\t\t<div class=\"elementor-column elementor-col-50 elementor-top-column elementor-element elementor-element-6a42a27\" data-id=\"6a42a27\" data-element_type=\"column\" data-e-type=\"column\">\n\t\t\t<div class=\"elementor-widget-wrap elementor-element-populated\">\n\t\t\t\t\t\t<div class=\"elementor-element elementor-element-01701ba elementor-widget elementor-widget-image\" data-id=\"01701ba\" data-element_type=\"widget\" data-e-type=\"widget\" data-widget_type=\"image.default\">\n\t\t\t\t<div class=\"elementor-widget-container\">\n\t\t\t\t\t\t\t\t\t\t\t\t\t\t\t<img decoding=\"async\" width=\"768\" height=\"297\" src=\"https:\/\/www.prediag.fr\/wp-content\/uploads\/2022\/10\/transitoires-1-768x297.png\" class=\"attachment-medium_large size-medium_large wp-image-776\" alt=\"\" srcset=\"https:\/\/www.prediag.fr\/wp-content\/uploads\/2022\/10\/transitoires-1-768x297.png 768w, https:\/\/www.prediag.fr\/wp-content\/uploads\/2022\/10\/transitoires-1-300x116.png 300w, https:\/\/www.prediag.fr\/wp-content\/uploads\/2022\/10\/transitoires-1.png 881w\" sizes=\"(max-width: 768px) 100vw, 768px\" \/>\t\t\t\t\t\t\t\t\t\t\t\t\t\t\t<\/div>\n\t\t\t\t<\/div>\n\t\t\t\t\t<\/div>\n\t\t<\/div>\n\t\t\t\t<div class=\"elementor-column elementor-col-50 elementor-top-column elementor-element elementor-element-f5709a2\" data-id=\"f5709a2\" data-element_type=\"column\" data-e-type=\"column\">\n\t\t\t<div class=\"elementor-widget-wrap elementor-element-populated\">\n\t\t\t\t\t\t<div class=\"elementor-element elementor-element-e848cf1 elementor-widget elementor-widget-text-editor\" data-id=\"e848cf1\" data-element_type=\"widget\" data-e-type=\"widget\" data-widget_type=\"text-editor.default\">\n\t\t\t\t<div class=\"elementor-widget-container\">\n\t\t\t\t\t\t\t\t\t<p>Avec ce type d&rsquo;analyse il devient possible d&rsquo;appr\u00e9hender et de diagnostiquer finement le comportement vibratoire d&rsquo;une machine lors des phases transitoires de fonctionnements.\u00a0<\/p>\t\t\t\t\t\t\t\t<\/div>\n\t\t\t\t<\/div>\n\t\t\t\t\t<\/div>\n\t\t<\/div>\n\t\t\t\t\t<\/div>\n\t\t<\/section>\n\t\t\t\t<\/div>\n\t\t","protected":false},"excerpt":{"rendered":"<p>Expertises vibratoires Expertises et diagnostics Via notre syst\u00e8me d&rsquo;acquisition 32 voies synchrones nous sommes en capacit\u00e9 de proposer des proc\u00e9dures d&rsquo;acquisitions complexes et d&rsquo;adresser des surveillances temporaires pour les ph\u00e9nom\u00e8nes fugitifs Domaine d&rsquo;applications et d\u00e9fauts d\u00e9tect\u00e9s: Paliers: D\u00e9fauts de roulements, d\u00e9faut de lubrification, d\u00e9lignement, orbites d&rsquo;arbre dans les paliers lisses\u2026 R\u00e9ducteurs et multiplicateurs : d\u00e9t\u00e9rioration [&hellip;]<\/p>\n","protected":false},"author":2,"featured_media":0,"parent":0,"menu_order":0,"comment_status":"closed","ping_status":"closed","template":"","meta":{"footnotes":""},"class_list":["post-113","page","type-page","status-publish","hentry","entry"],"_links":{"self":[{"href":"https:\/\/www.prediag.fr\/index.php?rest_route=\/wp\/v2\/pages\/113","targetHints":{"allow":["GET"]}}],"collection":[{"href":"https:\/\/www.prediag.fr\/index.php?rest_route=\/wp\/v2\/pages"}],"about":[{"href":"https:\/\/www.prediag.fr\/index.php?rest_route=\/wp\/v2\/types\/page"}],"author":[{"embeddable":true,"href":"https:\/\/www.prediag.fr\/index.php?rest_route=\/wp\/v2\/users\/2"}],"replies":[{"embeddable":true,"href":"https:\/\/www.prediag.fr\/index.php?rest_route=%2Fwp%2Fv2%2Fcomments&post=113"}],"version-history":[{"count":47,"href":"https:\/\/www.prediag.fr\/index.php?rest_route=\/wp\/v2\/pages\/113\/revisions"}],"predecessor-version":[{"id":805,"href":"https:\/\/www.prediag.fr\/index.php?rest_route=\/wp\/v2\/pages\/113\/revisions\/805"}],"wp:attachment":[{"href":"https:\/\/www.prediag.fr\/index.php?rest_route=%2Fwp%2Fv2%2Fmedia&parent=113"}],"curies":[{"name":"wp","href":"https:\/\/api.w.org\/{rel}","templated":true}]}}