{"id":680,"date":"2022-10-02T09:29:29","date_gmt":"2022-10-02T07:29:29","guid":{"rendered":"http:\/\/prediad.cluster028.hosting.ovh.net\/?page_id=680"},"modified":"2022-10-02T09:29:29","modified_gmt":"2022-10-02T07:29:29","slug":"controles-geometriques","status":"publish","type":"page","link":"https:\/\/www.prediag.fr\/?page_id=680","title":{"rendered":"Contr\u00f4les G\u00e9om\u00e9triques"},"content":{"rendered":"","protected":false},"excerpt":{"rendered":"","protected":false},"author":2,"featured_media":0,"parent":0,"menu_order":0,"comment_status":"closed","ping_status":"closed","template":"","meta":{"footnotes":""},"class_list":["post-680","page","type-page","status-publish","hentry","entry"],"_links":{"self":[{"href":"https:\/\/www.prediag.fr\/index.php?rest_route=\/wp\/v2\/pages\/680","targetHints":{"allow":["GET"]}}],"collection":[{"href":"https:\/\/www.prediag.fr\/index.php?rest_route=\/wp\/v2\/pages"}],"about":[{"href":"https:\/\/www.prediag.fr\/index.php?rest_route=\/wp\/v2\/types\/page"}],"author":[{"embeddable":true,"href":"https:\/\/www.prediag.fr\/index.php?rest_route=\/wp\/v2\/users\/2"}],"replies":[{"embeddable":true,"href":"https:\/\/www.prediag.fr\/index.php?rest_route=%2Fwp%2Fv2%2Fcomments&post=680"}],"version-history":[{"count":1,"href":"https:\/\/www.prediag.fr\/index.php?rest_route=\/wp\/v2\/pages\/680\/revisions"}],"predecessor-version":[{"id":681,"href":"https:\/\/www.prediag.fr\/index.php?rest_route=\/wp\/v2\/pages\/680\/revisions\/681"}],"wp:attachment":[{"href":"https:\/\/www.prediag.fr\/index.php?rest_route=%2Fwp%2Fv2%2Fmedia&parent=680"}],"curies":[{"name":"wp","href":"https:\/\/api.w.org\/{rel}","templated":true}]}}